{"id":21,"date":"2020-09-14T20:17:49","date_gmt":"2020-09-14T20:17:49","guid":{"rendered":"https:\/\/bna-space.de\/?page_id=21"},"modified":"2023-01-11T21:44:52","modified_gmt":"2023-01-11T21:44:52","slug":"about-us","status":"publish","type":"page","link":"https:\/\/bna-space.de\/de\/","title":{"rendered":"\u00dcber uns"},"content":{"rendered":"<figure class=\"wp-block-image alignwide size-large\"><img decoding=\"async\" loading=\"lazy\" width=\"844\" height=\"587\" src=\"https:\/\/bna-space.de\/wp-content\/uploads\/2020\/10\/BNA_Sat-1.jpg\" alt=\"\" class=\"wp-image-146\" srcset=\"https:\/\/bna-space.de\/wp-content\/uploads\/2020\/10\/BNA_Sat-1.jpg 844w, https:\/\/bna-space.de\/wp-content\/uploads\/2020\/10\/BNA_Sat-1-300x209.jpg 300w, https:\/\/bna-space.de\/wp-content\/uploads\/2020\/10\/BNA_Sat-1-768x534.jpg 768w, https:\/\/bna-space.de\/wp-content\/uploads\/2020\/10\/BNA_Sat-1-16x12.jpg 16w\" sizes=\"(max-width: 844px) 100vw, 844px\" \/><\/figure>\n\n\n\n<p>Die Berliner Nanosatelliten Allianz (BNA) ist eine Arbeitsgemeinschaft mehrerer Luft- und Raumfahrtunternehmen in der Region Berlin-Brandenburg zur B\u00fcndelung von Kompetenzen in der Entwicklung, der Fertigung und dem Betrieb von miniaturisierten Satelliten. Die Unternehmen sind Ausgr\u00fcndungen des Instituts f\u00fcr Luft- und Raumfahrt der Technischen Universit\u00e4t Berlin (TU Berlin).<\/p>\n\n\n\n<p>Die BNA vermarktet innovative Satellitentechnologien und f\u00f6rdert die Zusammenarbeit von Wissenschaft und Wirtschaft. Das Ziel der BNA besteht in der Nutzung der bisher an der <a href=\"https:\/\/www.rft.tu-berlin.de\/\" target=\"_blank\" rel=\"noreferrer noopener\">TU Berlin<\/a> und in <a href=\"https:\/\/bna-space.de\/de\/companies\/\">KMUs<\/a> erreichten Forschungsergebnissen durch produktbezogene Weiterentwicklung der aktuellen <a href=\"https:\/\/bna-space.de\/de\/cubesat-platforms\/\">CubeSat-Plattformen<\/a>.<\/p>","protected":false},"excerpt":{"rendered":"<p>The Berlin Nanospacecraft Alliance (BNA) is a consortium of several aerospace companies in the Berlin-Brandenburg region to bundle competencies in the development, manufacture and operation of miniaturized satellites. The companies are spin-offs from the department of Aeronautics and Astronautics of Technische Universit\u00e4t Berlin (TU Berlin). The BNA markets innovative satellite technologies and promotes cooperation between &#8230; <a title=\"\u00dcber uns\" class=\"read-more\" href=\"https:\/\/bna-space.de\/de\/\" aria-label=\"Mehr Informationen \u00fcber About us\">Weiterlesen<\/a><\/p>","protected":false},"author":1,"featured_media":0,"parent":0,"menu_order":0,"comment_status":"closed","ping_status":"closed","template":"","meta":{"footnotes":""},"_links":{"self":[{"href":"https:\/\/bna-space.de\/de\/wp-json\/wp\/v2\/pages\/21"}],"collection":[{"href":"https:\/\/bna-space.de\/de\/wp-json\/wp\/v2\/pages"}],"about":[{"href":"https:\/\/bna-space.de\/de\/wp-json\/wp\/v2\/types\/page"}],"author":[{"embeddable":true,"href":"https:\/\/bna-space.de\/de\/wp-json\/wp\/v2\/users\/1"}],"replies":[{"embeddable":true,"href":"https:\/\/bna-space.de\/de\/wp-json\/wp\/v2\/comments?post=21"}],"version-history":[{"count":15,"href":"https:\/\/bna-space.de\/de\/wp-json\/wp\/v2\/pages\/21\/revisions"}],"predecessor-version":[{"id":307,"href":"https:\/\/bna-space.de\/de\/wp-json\/wp\/v2\/pages\/21\/revisions\/307"}],"wp:attachment":[{"href":"https:\/\/bna-space.de\/de\/wp-json\/wp\/v2\/media?parent=21"}],"curies":[{"name":"wp","href":"https:\/\/api.w.org\/{rel}","templated":true}]}}