{"id":201,"date":"2020-10-21T16:50:25","date_gmt":"2020-10-21T16:50:25","guid":{"rendered":"https:\/\/bna-space.de\/?page_id=201"},"modified":"2023-08-20T17:36:19","modified_gmt":"2023-08-20T17:36:19","slug":"imprint","status":"publish","type":"page","link":"https:\/\/bna-space.de\/de\/imprint","title":{"rendered":"Impressum"},"content":{"rendered":"<p>Berliner Nanosatelliten Allianz e.V. (BNA)<br>Arbeitsgemeinschaft von Luft- und Raumfahrt-KMUs<br>Marchstr. 12\/F6<br>10587 Berlin<br>Deutschland<\/p>\n\n\n\n<p>Email: <span style=\"color:#1e73be\" class=\"has-inline-color\">info (at) bna-space .de<\/span><\/p>\n\n\n\n<p>Bildnachweis: <a rel=\"noreferrer noopener\" href=\"https:\/\/www.tu.berlin\/raumfahrttechnik\/\" target=\"_blank\">TU Berlin<\/a><br>BEESAT ist eine registrierte Wortmarke der Technischen Universit\u00e4t Berlin.<\/p>\n\n\n\n<h3 class=\"wp-block-heading\"><strong>Vereinsvorstand<\/strong><\/h3>\n\n\n\n<p>Jens Freymuth (Vorsitzender)<br>Dr. Harry Adirim<br>Frank Baumann<br>Dr. Daniel Noack<\/p>\n\n\n\n<h3 class=\"wp-block-heading\"><strong>Amtsgericht und Vereinsregisternummer<\/strong><\/h3>\n\n\n\n<p>AG Charlottenburg, VR 39915 B<\/p>\n\n\n\n<h3 class=\"wp-block-heading\"><strong>Datenschutz<\/strong><\/h3>\n\n\n\n<p>Ihr Vertrauen ist uns wichtig. Deshalb respektieren wir den Datenschutz und informieren Sie \u00fcber die erhobenen und gespeicherten Daten und Ihre Rechte auf Auskunft, Berichtigung, Sperrung und L\u00f6schung.<\/p>\n\n\n\n<p>\u00a7 1 Information \u00fcber die Erhebung personenbezogener Daten<\/p>\n\n\n\n<ol>\n<li>Im Folgenden informieren wir \u00fcber die Erhebung personenbezogener Daten bei Nutzung unserer Website www. bna-space.de. Personenbezogene Daten sind alle Daten, die auf Sie pers\u00f6nlich beziehbar sind, z. B. Name, Adresse, E-Mail-Adressen, Nutzerverhalten.<\/li>\n\n\n\n<li>Verantwortlicher im Sinne der EU-Datenschutz-Grundverordnung (DSGVO) ist die BNA \u2013 Berliner Nanosatelliten Allianz e.V., vertreten durch den Vorstand, Marchstr. 12\/F6, 10587 Berlin, Deutschland, <mark style=\"background-color:rgba(0, 0, 0, 0);color:#1e73be\" class=\"has-inline-color\">info (at) bna-space .de<\/mark> (siehe Impressum).<\/li>\n\n\n\n<li>Bei Ihrer Kontaktaufnahme mit uns per Telefon, E-Mail oder \u00fcber ein Kontaktformular werden die von Ihnen mitgeteilten Daten (Ihre E-Mail-Adresse, ggf. Ihr Name und Ihre Telefonnummer) von uns gespeichert, um Ihre Fragen zu beantworten. Die in diesem Zusammenhang anfallenden Daten l\u00f6schen wir, nachdem die Speicherung nicht mehr erforderlich ist, oder schr\u00e4nken die Verarbeitung ein, falls gesetzliche Aufbewahrungspflichten bestehen.<\/li>\n\n\n\n<li>Falls wir f\u00fcr einzelne Funktionen unseres Angebots auf beauftragte Dienstleister zur\u00fcckgreifen oder Ihre Daten f\u00fcr werbliche Zwecke nutzen m\u00f6chten, werden wir Sie untenstehend im Detail \u00fcber die jeweiligen Vorg\u00e4nge informieren. Dabei nennen wir auch die festgelegten Kriterien der Speicherdauer.<\/li>\n<\/ol>\n\n\n\n<p>\u00a7 2 Ihre Rechte<\/p>\n\n\n\n<ol>\n<li>Sie haben gegen\u00fcber uns folgende Rechte hinsichtlich der Sie betreffenden personenbezogenen Daten:\n<ul>\n<li>Recht auf Auskunft,<\/li>\n\n\n\n<li>Recht auf Berichtigung oder L\u00f6schung,<\/li>\n\n\n\n<li>Recht auf Einschr\u00e4nkung der Verarbeitung,<\/li>\n\n\n\n<li>Recht auf Widerspruch gegen die Verarbeitung,<\/li>\n\n\n\n<li>Recht auf Daten\u00fcbertragbarkeit.<\/li>\n<\/ul>\n<\/li>\n\n\n\n<li>Sie haben zudem das Recht, sich bei einer Datenschutz-Aufsichtsbeh\u00f6rde \u00fcber die Verarbeitung Ihrer personenbezogenen Daten durch uns zu beschweren.<\/li>\n<\/ol>\n\n\n\n<p>\u00a7 3 Erhebung personenbezogener Daten bei Besuch unserer Website<\/p>\n\n\n\n<ol>\n<li>Bei der blo\u00df informatorischen Nutzung der Website, also wenn Sie sich nicht registrieren oder uns anderweitig Informationen \u00fcbermitteln, erheben wir nur die personenbezogenen Daten, die Ihr Browser an unseren Server \u00fcbermittelt. Wenn Sie unsere Website betrachten m\u00f6chten, erheben wir die folgenden Daten, die f\u00fcr uns technisch erforderlich sind, um Ihnen unsere Website anzuzeigen und die Stabilit\u00e4t und Sicherheit zu gew\u00e4hrleisten (Rechtsgrundlage hierf\u00fcr: Art. 6 Abs. 1 S. 1 lit. f DSGVO):\n<ul>\n<li>IP-Adresse<\/li>\n\n\n\n<li>Datum und Uhrzeit der Anfrage<\/li>\n\n\n\n<li>Zeitzonendifferenz zur Greenwich Mean Time (GMT)<\/li>\n\n\n\n<li>Inhalt der Anforderung (konkrete Seite)<\/li>\n\n\n\n<li>Zugriffsstatus\/HTTP-Statuscode<\/li>\n\n\n\n<li>jeweils \u00fcbertragene Datenmenge<\/li>\n\n\n\n<li>Website, von der die Anforderung kommt<\/li>\n\n\n\n<li>Browser<\/li>\n\n\n\n<li>Betriebssystem und dessen Oberfl\u00e4che<\/li>\n\n\n\n<li>Sprache und Version der Browsersoftware.<\/li>\n<\/ul>\n<\/li>\n\n\n\n<li>Zus\u00e4tzlich zu den zuvor genannten Daten werden bei Ihrer Nutzung unserer Website Cookies auf Ihrem Rechner gespeichert. Bei Cookies handelt es sich um kleine Textdateien, die auf Ihrer Festplatte dem von Ihnen verwendeten Browser zugeordnet gespeichert werden und durch welche der Stelle, die den Cookie setzt (hier durch die BNA-Berliner Nanosatelliten Allianz oder Drittanbieter), bestimmte Informationen zuflie\u00dfen. Cookies k\u00f6nnen keine Programme ausf\u00fchren oder Schadsoftware auf Ihren Computer \u00fcbertragen. Sie dienen dazu, das Internetangebot insgesamt nutzerfreundlicher und effektiver zu machen. Sie k\u00f6nnen Ihre Browser-Einstellung entsprechend Ihren W\u00fcnschen konfigurieren und z. B. die Annahme von Third-Party-Cookies oder allen Cookies ablehnen. Wir weisen Sie darauf hin, dass Sie eventuell nicht alle Funktionen dieser Website nutzen k\u00f6nnen. Rechtsgrundlage f\u00fcr die Verwendung der Cookies ist Art. 6 Absatz 1 Satz 1 Buchstabe f DSGVO. Wir haben bei der Abw\u00e4gung der Interessen unsere IT-Sicherheit und Ihr Interesse an der Nutzbarkeit und der eingeschr\u00e4nkten Verwendung personenbezogener Daten ber\u00fccksichtigt.<\/li>\n<\/ol>\n\n\n\n<p>\u00a7 4 Einsatz von Google Analytics<\/p>\n\n\n\n<ol>\n<li>Diese Website benutzt Google Analytics, einen Webanalysedienst der Google Inc. (\u201eGoogle\u201c). Anbieter ist die Google Inc., 1600 Amphitheatre Parkway Mountain View, CA 94043, USA. Google Analytics verwendet sog. \u201eCookies\u201c, das sind Textdateien, die auf Ihrem Computer gespeichert werden und die eine Analyse der Benutzung der Website durch Sie erm\u00f6glichen. Die durch den Cookie erzeugten Informationen \u00fcber die Nutzung dieser Website durch Sie werden in der Regel an einen Server von Google in den Vereinigten Staaten von Amerika (USA) \u00fcbertragen und dort gespeichert. Im Falle der Aktivierung der IP-Anonymisierung auf dieser Website, wird Ihre IP-Adresse von Google jedoch innerhalb von Mitgliedstaaten der Europ\u00e4ischen Union oder in anderen Vertragsstaaten des Abkommens \u00fcber den Europ\u00e4ischen Wirtschaftsraum zuvor gek\u00fcrzt. Nur in Ausnahmef\u00e4llen wird die volle IP-Adresse an einen Server von Google in den USA \u00fcbertragen und dort gek\u00fcrzt. In unserem Auftrag nutzt Google diese Informationen, um Ihr Besuchsverhalten auf dieser Website auszuwerten und um Reports \u00fcber die Website-Aktivit\u00e4ten zusammenzustellen und um weitere mit der Website-Nutzung und der Internetnutzung verbundene Dienstleistungen gegen\u00fcber uns zu erbringen.<\/li>\n\n\n\n<li>Die im Rahmen von Google Analytics von Ihrem Browser \u00fcbermittelte IP-Adresse wird nicht mit anderen Daten von Google zusammengef\u00fchrt. Sie k\u00f6nnen die Speicherung der Cookies durch eine entsprechende Einstellung Ihrer Browser-Software verhindern. Wir weisen Sie jedoch darauf hin, dass Sie in diesem Fall vielleicht nicht s\u00e4mtliche Funktionen dieser Website vollumf\u00e4nglich nutzen k\u00f6nnen. Sie k\u00f6nnen die Erfassung der durch das Cookie erzeugten und auf Ihre Nutzung der Website bezogenen Daten (inklusive Ihrer IP-Adresse) an Google sowie die Verarbeitung dieser Daten durch Google verhindern, indem sie das unter dem folgenden Link verf\u00fcgbare Browser-Plugin herunterladen und auf Ihrem Endger\u00e4t installieren: <a rel=\"noreferrer noopener\" href=\"https:\/\/tools.google.com\/dlpage\/gaoptout?hl=de\" target=\"_blank\">https:\/\/tools.google.com\/dlpage\/gaoptout?hl=de<\/a>. Zus\u00e4tzlich oder als Alternative zum Browser-Add-On k\u00f6nnen Sie das Tracking durch Google Analytics auf unseren Seiten unterbinden, indem Sie diesen Link anklicken. Dabei wird ein Opt-Out-Cookie auf Ihrem Ger\u00e4t installiert. Damit wird die Erfassung durch Google Analytics f\u00fcr diese Website und f\u00fcr diesen Browser zuk\u00fcnftig verhindert, so lange das Cookie in Ihrem Browser installiert bleibt. Diese Website verwendet Google Analytics mit der Erweiterung \u201e_anonymizeIp()\u201c. Dadurch werden IP-Adressen gek\u00fcrzt weiterverarbeitet, eine Personenbeziehbarkeit kann damit ausgeschlossen werden. Soweit den \u00fcber Sie erhobenen Daten ein Personenbezug zukommt, wird dieser also sofort ausgeschlossen und die personenbezogenen Daten damit umgehend gel\u00f6scht.<\/li>\n\n\n\n<li>Die BNA-Berliner Nanosatelliten Allianz nutzt Google Analytics, um die Nutzung unserer Website analysieren und regelm\u00e4\u00dfig verbessern zu k\u00f6nnen. \u00dcber die gewonnenen Statistiken k\u00f6nnen wir unser Angebot verbessern und f\u00fcr Sie als Nutzer interessanter ausgestalten. F\u00fcr die Ausnahmef\u00e4lle, in denen personenbezogene Daten in die USA \u00fcbertragen werden, hat sich Google dem EU-US Privacy Shield unterworfen <a rel=\"noreferrer noopener\" href=\"https:\/\/www.privacyshield.gov\/EU-US-Framework\" target=\"_blank\">https:\/\/www.privacyshield.gov\/EU-US-Framework<\/a>. Rechtsgrundlage f\u00fcr die Nutzung von Google Analytics ist Art. 6 Absatz 1 Satz 1 Buchstabe f DSGVO. Informationen des Drittanbieters: Google Dublin, Google Ireland Ltd., Gordon House, Barrow Street, Dublin 4, Ireland, Fax: +353 (1) 436\u00e2\u20ac\u20301001. Nutzerbedingungen: <a rel=\"noreferrer noopener\" href=\"https:\/\/www.google.com\/analytics\/terms\/de\" target=\"_blank\">https:\/\/www.google.com\/analytics\/terms\/de<\/a> <a href=\"https:\/\/www.google.com\/intl\/de\/analytics\/learn\/privacy.html\" target=\"_blank\" rel=\"noreferrer noopener\">https:\/\/www.google.com\/intl\/de\/analytics\/learn\/privacy.html<\/a> sowie die Datenschutzerkl\u00e4rung: <a rel=\"noreferrer noopener\" href=\"https:\/\/www.google.com\/intl\/de\/policies\/privacy\" target=\"_blank\">https:\/\/www.google.com\/intl\/de\/policies\/privacy<\/a>.<\/li>\n\n\n\n<li>Wir haben mit der Google Inc. einen Vertrag zur Auftragsdatenverarbeitung abgeschlossen und setzen die Vorgaben der deutschen Datenschutzbeh\u00f6rden bei der Nutzung von Google Analytics vollst\u00e4ndig um.<\/li>\n<\/ol>\n\n\n\n<p>\u00a7 5 Einsatz von YouTube<br><br>Diese Webseite setzt Videos des Anbieters YouTube ein. Die Videos wurden im erweiterten Datenschutzmodus eingebettet. Wie fast alle Webseiten verwendet aber auch YouTube Cookies, um Informationen \u00fcber die Besucher ihrer Internetseite zu sammeln. YouTube verwendet diese unter anderem zur Erfassung von Nutzungsstatistiken, zur Vermeidung von Betrug und zur Verbesserung der Nutzbarkeit der Webseite. Dies f\u00fchrt auch zu einer Verbindung mit dem Google DoubleClick Netzwerk. Darauf hat der Betreiber dieser Webseite keinen Einfluss. Weitere Informationen \u00fcber den Datenschutz bei YouTube finden Sie in der Datenschutzerkl\u00e4rung von YouTube unter: <a href=\"https:\/\/www.youtube.com\/t\/privacy_at_youtube\" target=\"_blank\" rel=\"noreferrer noopener\">https:\/\/www.youtube.com\/t\/privacy_at_youtube<\/a>. Wenn Sie ein eingebettetes Video starten, k\u00f6nnte dies weitere Datenverarbeitungsvorg\u00e4nge ausl\u00f6sen. Beispielsweise kann Ihre IP-Adresse an YouTube \u00fcbertragen werden, um eine Nutzung oder Darstellung dieser Inhalte zu erm\u00f6glichen. Rechtsgrundlage f\u00fcr die Verarbeitung ist Art. 6 Absatz 1 Satz 1 Buchstabe f DSGVO. Grundlage unseres berechtigten Interesses sind Analyse, Optimierung und wirtschaftlicher Betrieb unserer Webseite.<br><br>\u00a7 6 Erhebung personenbezogener Daten bei Abschluss von Vertr\u00e4gen<\/p>\n\n\n\n<ol>\n<li>Bei der der Nutzung der Website f\u00fcr den Abschluss von Vertr\u00e4gen, erheben wir die personenbezogenen Daten, die f\u00fcr die Erf\u00fcllung des Vertrages und Durchsetzung von Zahlungsanspr\u00fcchen durch uns notwendig sind.<br>Rechtsgrundlage hierf\u00fcr: Art. 6 Abs. 1 S. 1 lit. b DSGVO).<br>Dies sind:\n<ul>\n<li>Anrede<\/li>\n\n\n\n<li>Name, Vorname<\/li>\n\n\n\n<li>Wohnadresse (Stra\u00dfe, Hausnummer, Postleitzahl)<\/li>\n\n\n\n<li>ggf. abweichende Rechnungsanschrift<\/li>\n\n\n\n<li>E-Mail-Adresse<\/li>\n\n\n\n<li>Telefonnummer<\/li>\n\n\n\n<li>Kundenstatus (Neukunde, Bestandskunde)<\/li>\n<\/ul>\n<\/li>\n\n\n\n<li>Daneben erheben wir die in \u00a7 3 der Datenschutzerkl\u00e4rung genannten Informationen.<\/li>\n<\/ol>\n\n\n\n<p>\u00a7 7 Widerspruch gegen Werbe-Mails<br><br>Die von der BNA-Berliner Nanosatelliten Allianz im Rahmen der Impressumspflicht ver\u00f6ffentlichten Kontaktdaten sind nicht als Einverst\u00e4ndnis in die \u00dcbersendung von nicht ausdr\u00fccklich angeforderter Werbung und Informationsmaterialien zu sehen. Vorsorglich wird hiermit einer solchen Verwendung hiermit widersprochen. Die BNA-Berliner Nanosatelliten Allianz beh\u00e4lt sich ausdr\u00fccklich rechtliche Schritte f\u00fcr den Fall der unverlangten Zusendung von Werbung, zum Beispiel durch Spam-E-Mails, vor.<\/p>","protected":false},"excerpt":{"rendered":"<p>Berlin Nanospacecraft Alliance (BNA)Consortium of Aerospace SMEsMarchstr. 12\/F610587 BerlinGermany Email: info (at) bna-space .de Image credits: TU BerlinBEESAT is a registered trademark of Technische Universit\u00e4t Berlin. Board of Directors Jens Freymuth (chairman)Dr. Harry AdirimFrank BaumannDr. Daniel Noack Registration Court and Association Register Number Berlin-Charlottenburg, VR 39915 B Privacy Statement Your trust is important to us. &#8230; <a title=\"Impressum\" class=\"read-more\" href=\"https:\/\/bna-space.de\/de\/imprint\" aria-label=\"Mehr Informationen \u00fcber Imprint\">Weiterlesen<\/a><\/p>","protected":false},"author":1,"featured_media":0,"parent":0,"menu_order":0,"comment_status":"closed","ping_status":"closed","template":"","meta":{"footnotes":""},"_links":{"self":[{"href":"https:\/\/bna-space.de\/de\/wp-json\/wp\/v2\/pages\/201"}],"collection":[{"href":"https:\/\/bna-space.de\/de\/wp-json\/wp\/v2\/pages"}],"about":[{"href":"https:\/\/bna-space.de\/de\/wp-json\/wp\/v2\/types\/page"}],"author":[{"embeddable":true,"href":"https:\/\/bna-space.de\/de\/wp-json\/wp\/v2\/users\/1"}],"replies":[{"embeddable":true,"href":"https:\/\/bna-space.de\/de\/wp-json\/wp\/v2\/comments?post=201"}],"version-history":[{"count":15,"href":"https:\/\/bna-space.de\/de\/wp-json\/wp\/v2\/pages\/201\/revisions"}],"predecessor-version":[{"id":326,"href":"https:\/\/bna-space.de\/de\/wp-json\/wp\/v2\/pages\/201\/revisions\/326"}],"wp:attachment":[{"href":"https:\/\/bna-space.de\/de\/wp-json\/wp\/v2\/media?parent=201"}],"curies":[{"name":"wp","href":"https:\/\/api.w.org\/{rel}","templated":true}]}}