{"id":152,"date":"2020-10-21T12:40:09","date_gmt":"2020-10-21T12:40:09","guid":{"rendered":"https:\/\/bna-space.de\/?page_id=152"},"modified":"2023-08-20T20:50:04","modified_gmt":"2023-08-20T20:50:04","slug":"cubesat-platforms","status":"publish","type":"page","link":"https:\/\/bna-space.de\/de\/cubesat-platforms","title":{"rendered":"CubeSat-Plattformen"},"content":{"rendered":"<h2 class=\"wp-block-heading\">1 Unit CyBEEsat<\/h2>\n\n\n\n<div class=\"wp-block-columns is-layout-flex wp-container-3 wp-block-columns-is-layout-flex\">\n<div class=\"wp-block-column is-layout-flow wp-block-column-is-layout-flow\">\n<figure class=\"wp-block-image alignwide size-full\"><img decoding=\"async\" loading=\"lazy\" width=\"979\" height=\"512\" src=\"https:\/\/bna-space.de\/wp-content\/uploads\/2023\/08\/CyBEEsat.jpg\" alt=\"\" class=\"wp-image-331\" srcset=\"https:\/\/bna-space.de\/wp-content\/uploads\/2023\/08\/CyBEEsat.jpg 979w, https:\/\/bna-space.de\/wp-content\/uploads\/2023\/08\/CyBEEsat-300x157.jpg 300w, https:\/\/bna-space.de\/wp-content\/uploads\/2023\/08\/CyBEEsat-768x402.jpg 768w, https:\/\/bna-space.de\/wp-content\/uploads\/2023\/08\/CyBEEsat-18x9.jpg 18w\" sizes=\"(max-width: 979px) 100vw, 979px\" \/><figcaption class=\"wp-element-caption\"><sup>Quelle: TU Berlin<\/sup><\/figcaption><\/figure>\n<\/div>\n\n\n\n<div class=\"wp-block-column is-vertically-aligned-top is-layout-flow wp-block-column-is-layout-flow\">\n<ul>\n<li>Entwurf basiert auf den Erfahrungen mit der BEESAT-Serie der TU Berlin und des CyBEEsat-Konsortiums der BNA-Mitglieder<\/li>\n\n\n\n<li>Nutzlastkapazit\u00e4t: 0.5U \/ 1 kg<\/li>\n\n\n\n<li>Alleinstellungsmerkmale: passive Lageregelung und Nutationsd\u00e4mpfung, Linux-basierter Bordcomputer und Sicherheitsmerkmale<\/li>\n\n\n\n<li>Kommunikationsmodul VCOM f\u00fcr Kurzzeitmissionen im VHF-\/UHF-Band<\/li>\n<\/ul>\n<\/div>\n<\/div>\n\n\n\n<hr class=\"wp-block-separator has-css-opacity is-style-wide\"\/>\n\n\n\n<h2 class=\"wp-block-heading\">TUBiX5<\/h2>\n\n\n\n<div class=\"wp-block-columns is-layout-flex wp-container-6 wp-block-columns-is-layout-flex\">\n<div class=\"wp-block-column is-layout-flow wp-block-column-is-layout-flow\">\n<figure class=\"wp-block-image alignwide size-full\"><img decoding=\"async\" loading=\"lazy\" width=\"1024\" height=\"682\" src=\"https:\/\/bna-space.de\/wp-content\/uploads\/2023\/08\/TUBiX5_1.jpg\" alt=\"\" class=\"wp-image-330\" srcset=\"https:\/\/bna-space.de\/wp-content\/uploads\/2023\/08\/TUBiX5_1.jpg 1024w, https:\/\/bna-space.de\/wp-content\/uploads\/2023\/08\/TUBiX5_1-300x200.jpg 300w, https:\/\/bna-space.de\/wp-content\/uploads\/2023\/08\/TUBiX5_1-768x512.jpg 768w, https:\/\/bna-space.de\/wp-content\/uploads\/2023\/08\/TUBiX5_1-18x12.jpg 18w\" sizes=\"(max-width: 1024px) 100vw, 1024px\" \/><figcaption class=\"wp-element-caption\"><sup>Quelle: TU Berlin<\/sup><\/figcaption><\/figure>\n\n\n\n<figure class=\"wp-block-image alignwide size-full\"><img decoding=\"async\" loading=\"lazy\" width=\"1024\" height=\"682\" src=\"https:\/\/bna-space.de\/wp-content\/uploads\/2023\/08\/TUBiX5_2.jpg\" alt=\"\" class=\"wp-image-328\" srcset=\"https:\/\/bna-space.de\/wp-content\/uploads\/2023\/08\/TUBiX5_2.jpg 1024w, https:\/\/bna-space.de\/wp-content\/uploads\/2023\/08\/TUBiX5_2-300x200.jpg 300w, https:\/\/bna-space.de\/wp-content\/uploads\/2023\/08\/TUBiX5_2-768x512.jpg 768w, https:\/\/bna-space.de\/wp-content\/uploads\/2023\/08\/TUBiX5_2-18x12.jpg 18w\" sizes=\"(max-width: 1024px) 100vw, 1024px\" \/><figcaption class=\"wp-element-caption\"><sup>Quelle: TU Berlin<\/sup><\/figcaption><\/figure>\n<\/div>\n\n\n\n<div class=\"wp-block-column is-layout-flow wp-block-column-is-layout-flow\">\n<ul>\n<li>Entwurf basiert auf den Entwicklungen im NanoFF-Projekt der TU Berlin<\/li>\n\n\n\n<li>Nutzlastkapazit\u00e4t: 1700 cm\u00b3 und 3 kg<\/li>\n\n\n\n<li>Alleinstellungsmerkmale: redundanter Entwurf, Lageregelung mit Reaktionsr\u00e4dern, Orbitbestimmung mit GNSS-Empf\u00e4ngern, Antriebssystem f\u00fcr Bahnman\u00f6ver, Retroreflektoren zur Laser-Ortung vom Boden, Kommunikation mit 4 MBit\/s<\/li>\n\n\n\n<li>M\u00f6gliche Anwendungen: multispektrale Erdbeobachtung (30 Meter Bodenaufl\u00f6sung im sichtbaren Bereich, 90 Meter Bodenaufl\u00f6sung im thermalen Infrarot), On-Orbit-Verifikation (OOV)<\/li>\n<\/ul>\n<\/div>\n<\/div>\n\n\n\n<hr class=\"wp-block-separator has-css-opacity is-style-wide\"\/>\n\n\n\n<h2 class=\"wp-block-heading\">6 oder 8 Unit \/ kundenspezifisch<\/h2>\n\n\n\n<div class=\"wp-block-columns is-layout-flex wp-container-9 wp-block-columns-is-layout-flex\">\n<div class=\"wp-block-column is-layout-flow wp-block-column-is-layout-flow\">\n<figure class=\"wp-block-image alignwide size-large\"><img decoding=\"async\" loading=\"lazy\" width=\"1024\" height=\"477\" src=\"https:\/\/bna-space.de\/wp-content\/uploads\/2023\/08\/2023-08-18-224252_002-1024x477.jpg\" alt=\"\" class=\"wp-image-321\" srcset=\"https:\/\/bna-space.de\/wp-content\/uploads\/2023\/08\/2023-08-18-224252_002-1024x477.jpg 1024w, https:\/\/bna-space.de\/wp-content\/uploads\/2023\/08\/2023-08-18-224252_002-300x140.jpg 300w, https:\/\/bna-space.de\/wp-content\/uploads\/2023\/08\/2023-08-18-224252_002-768x358.jpg 768w, https:\/\/bna-space.de\/wp-content\/uploads\/2023\/08\/2023-08-18-224252_002-18x8.jpg 18w, https:\/\/bna-space.de\/wp-content\/uploads\/2023\/08\/2023-08-18-224252_002.jpg 1091w\" sizes=\"(max-width: 1024px) 100vw, 1024px\" \/><\/figure>\n<\/div>\n\n\n\n<div class=\"wp-block-column is-vertically-aligned-top is-layout-flow wp-block-column-is-layout-flow\">\n<ul>\n<li>Entwurf basiert auf Erfahrungen im SALSAT-Projekt der TU Berlin<\/li>\n\n\n\n<li>Nutzlastkapazit\u00e4t: 4U und 8 kg<\/li>\n\n\n\n<li>Gesamtmasse: bis zu 16 kg<\/li>\n\n\n\n<li>Alleinstellungsmerkmale: redundanter Entwurf, Lageregelung mit Reaktionsr\u00e4dern, Orbitbestimmung mit GNSS-Empf\u00e4ngern, Antriebssystem f\u00fcr Bahnman\u00f6ver, Retroreflektoren zur Laser-Ortung vom Boden, Kommunikation mit bis zu 100 MBit\/s<\/li>\n\n\n\n<li>M\u00f6gliche Anwendungen: hyperspektrale Erdbeobachtung, On-Orbit-Verifikation (OOV), robotische Anwendungen<\/li>\n<\/ul>\n<\/div>\n<\/div>","protected":false},"excerpt":{"rendered":"<p>1 Unit CyBEEsat TUBiX5 6 or 8 Units \/ Customized<\/p>","protected":false},"author":1,"featured_media":0,"parent":0,"menu_order":0,"comment_status":"closed","ping_status":"closed","template":"","meta":{"footnotes":""},"_links":{"self":[{"href":"https:\/\/bna-space.de\/de\/wp-json\/wp\/v2\/pages\/152"}],"collection":[{"href":"https:\/\/bna-space.de\/de\/wp-json\/wp\/v2\/pages"}],"about":[{"href":"https:\/\/bna-space.de\/de\/wp-json\/wp\/v2\/types\/page"}],"author":[{"embeddable":true,"href":"https:\/\/bna-space.de\/de\/wp-json\/wp\/v2\/users\/1"}],"replies":[{"embeddable":true,"href":"https:\/\/bna-space.de\/de\/wp-json\/wp\/v2\/comments?post=152"}],"version-history":[{"count":60,"href":"https:\/\/bna-space.de\/de\/wp-json\/wp\/v2\/pages\/152\/revisions"}],"predecessor-version":[{"id":333,"href":"https:\/\/bna-space.de\/de\/wp-json\/wp\/v2\/pages\/152\/revisions\/333"}],"wp:attachment":[{"href":"https:\/\/bna-space.de\/de\/wp-json\/wp\/v2\/media?parent=152"}],"curies":[{"name":"wp","href":"https:\/\/api.w.org\/{rel}","templated":true}]}}